{"id":6120,"date":"2022-12-29T08:53:24","date_gmt":"2022-12-29T08:53:24","guid":{"rendered":"https:\/\/smulkinu.lt\/doppstadt-ak435-profi\/"},"modified":"2024-04-15T20:44:59","modified_gmt":"2024-04-15T20:44:59","slug":"doppstadt-ak435-profi","status":"publish","type":"page","link":"https:\/\/smulkinu.lt\/en\/shredding-equipment-for-sale\/doppstadt-ak435-profi\/","title":{"rendered":"Doppstadt AK435 Profi"},"content":{"rendered":"\t\t<div data-elementor-type=\"wp-page\" data-elementor-id=\"6120\" class=\"elementor elementor-6120 elementor-4839\">\n\t\t\t\t\t\t\t\t\t<section class=\"elementor-section elementor-top-section elementor-element elementor-element-ebc357e pt-3 mt-4 elementor-section-boxed elementor-section-height-default elementor-section-height-default\" data-id=\"ebc357e\" data-element_type=\"section\">\n\t\t\n\t\t\t\t\t\t\t<div class=\"elementor-container elementor-column-gap-no\">\n\t\t\t\t\t\t\t\t\t\t\t<div class=\"elementor-column elementor-col-100 elementor-top-column elementor-element elementor-element-7e05d30\" data-id=\"7e05d30\" data-element_type=\"column\">\n\t\t\t\t\t<div class=\"elementor-widget-wrap elementor-element-populated\">\n\t\t\t\t\t\t\t\t<section class=\"elementor-section elementor-inner-section elementor-element elementor-element-7a2457b elementor-section-boxed elementor-section-height-default elementor-section-height-default\" data-id=\"7a2457b\" data-element_type=\"section\">\n\t\t\n\t\t\t\t\t\t\t<div class=\"elementor-container elementor-column-gap-default\">\n\t\t\t\t\t\t\t\t\t\t\t<div class=\"elementor-column elementor-col-50 elementor-inner-column elementor-element elementor-element-29e0aa0\" data-id=\"29e0aa0\" data-element_type=\"column\">\n\t\t\t\t\t<div class=\"elementor-widget-wrap elementor-element-populated\">\n\t\t\t\t\t\t\t\t<div class=\"elementor-element elementor-element-00b8335 custom-highlight-1 custom-weight-1 mb-2 elementor-widget elementor-widget-heading\" data-id=\"00b8335\" data-element_type=\"widget\" data-settings=\"{&quot;_animation&quot;:&quot;none&quot;,&quot;_animation_delay&quot;:100}\" data-widget_type=\"heading.default\">\n\t\t\t\t<div class=\"elementor-widget-container\">\n\t\t\t<style>\/*! elementor - v3.9.2 - 21-12-2022 *\/\n.elementor-heading-title{padding:0;margin:0;line-height:1}.elementor-widget-heading .elementor-heading-title[class*=elementor-size-]>a{color:inherit;font-size:inherit;line-height:inherit}.elementor-widget-heading .elementor-heading-title.elementor-size-small{font-size:15px}.elementor-widget-heading .elementor-heading-title.elementor-size-medium{font-size:19px}.elementor-widget-heading .elementor-heading-title.elementor-size-large{font-size:29px}.elementor-widget-heading .elementor-heading-title.elementor-size-xl{font-size:39px}.elementor-widget-heading .elementor-heading-title.elementor-size-xxl{font-size:59px}<\/style><h4 class=\"elementor-heading-title elementor-size-default\">Doppstadt AK565 Profi <\/h4>\t\t<\/div>\n\t\t\t\t<\/div>\n\t\t\t\t<div class=\"elementor-element elementor-element-1778edd elementor-icon-list--layout-traditional elementor-list-item-link-full_width elementor-widget elementor-widget-icon-list\" data-id=\"1778edd\" data-element_type=\"widget\" data-widget_type=\"icon-list.default\">\n\t\t\t\t<div class=\"elementor-widget-container\">\n\t\t\t<link rel=\"stylesheet\" href=\"https:\/\/smulkinu.lt\/wp-content\/uploads\/elementor\/css\/custom-widget-icon-list.min.css?ver=1679664897\">\t\t<ul class=\"elementor-icon-list-items\">\n\t\t\t\t\t\t\t<li class=\"elementor-icon-list-item\">\n\t\t\t\t\t\t\t\t\t\t\t<span class=\"elementor-icon-list-icon\">\n\t\t\t\t\t\t\t<i aria-hidden=\"true\" class=\"fas fa-clock\"><\/i>\t\t\t\t\t\t<\/span>\n\t\t\t\t\t\t\t\t\t\t<span class=\"elementor-icon-list-text\">Year of manufacture - 2012.<\/span>\n\t\t\t\t\t\t\t\t\t<\/li>\n\t\t\t\t\t\t\t\t<li class=\"elementor-icon-list-item\">\n\t\t\t\t\t\t\t\t\t\t\t<span class=\"elementor-icon-list-icon\">\n\t\t\t\t\t\t\t<i aria-hidden=\"true\" class=\"fas fa-ruler-combined\"><\/i>\t\t\t\t\t\t<\/span>\n\t\t\t\t\t\t\t\t\t\t<span class=\"elementor-icon-list-text\">Rear discharge conveyor length 6.0 m.<\/span>\n\t\t\t\t\t\t\t\t\t<\/li>\n\t\t\t\t\t\t\t\t<li class=\"elementor-icon-list-item\">\n\t\t\t\t\t\t\t\t\t\t\t<span class=\"elementor-icon-list-icon\">\n\t\t\t\t\t\t\t<i aria-hidden=\"true\" class=\"fas fa-magnet\"><\/i>\t\t\t\t\t\t<\/span>\n\t\t\t\t\t\t\t\t\t\t<span class=\"elementor-icon-list-text\">Magnetic roller for metal separation mounted on top of the discharge conveyor.<\/span>\n\t\t\t\t\t\t\t\t\t<\/li>\n\t\t\t\t\t\t<\/ul>\n\t\t\t\t<\/div>\n\t\t\t\t<\/div>\n\t\t\t\t<div class=\"elementor-element elementor-element-b3a0fd5 elementor-widget elementor-widget-button\" data-id=\"b3a0fd5\" data-element_type=\"widget\" data-widget_type=\"button.default\">\n\t\t\t\t<div class=\"elementor-widget-container\">\n\t\t\t\t\t<div class=\"elementor-button-wrapper\">\n\t\t\t<a class=\"elementor-button elementor-size-sm elementor-animation-shrink\" role=\"button\">\n\t\t\t\t\t\t<span class=\"elementor-button-content-wrapper\">\n\t\t\t\t\t\t<span class=\"elementor-button-text\">Enquire about price<\/span>\n\t\t<\/span>\n\t\t\t\t\t<\/a>\n\t\t<\/div>\n\t\t\t\t<\/div>\n\t\t\t\t<\/div>\n\t\t\t\t<div class=\"elementor-element elementor-element-78391e6 elementor-widget elementor-widget-toggle\" data-id=\"78391e6\" data-element_type=\"widget\" data-widget_type=\"toggle.default\">\n\t\t\t\t<div class=\"elementor-widget-container\">\n\t\t\t<style>.elementor-toggle{text-align:left}.elementor-toggle .elementor-tab-title{font-weight:700;line-height:1;margin:0;padding:15px;border-bottom:1px solid #d4d4d4;cursor:pointer;outline:none}.elementor-toggle .elementor-tab-title .elementor-toggle-icon{display:inline-block;width:1em}.elementor-toggle .elementor-tab-title .elementor-toggle-icon svg{-webkit-margin-start:-5px;margin-inline-start:-5px;width:1em;height:1em}.elementor-toggle .elementor-tab-title .elementor-toggle-icon.elementor-toggle-icon-right{float:right;text-align:right}.elementor-toggle .elementor-tab-title .elementor-toggle-icon.elementor-toggle-icon-left{float:left;text-align:left}.elementor-toggle .elementor-tab-title .elementor-toggle-icon .elementor-toggle-icon-closed{display:block}.elementor-toggle .elementor-tab-title .elementor-toggle-icon .elementor-toggle-icon-opened{display:none}.elementor-toggle .elementor-tab-title.elementor-active{border-bottom:none}.elementor-toggle .elementor-tab-title.elementor-active .elementor-toggle-icon-closed{display:none}.elementor-toggle .elementor-tab-title.elementor-active .elementor-toggle-icon-opened{display:block}.elementor-toggle .elementor-tab-content{padding:15px;border-bottom:1px solid #d4d4d4;display:none}@media (max-width:767px){.elementor-toggle .elementor-tab-title{padding:12px}.elementor-toggle .elementor-tab-content{padding:12px 10px}}.e-con-inner>.elementor-widget-toggle,.e-con>.elementor-widget-toggle{width:var(--container-widget-width);--flex-grow:var(--container-widget-flex-grow)}<\/style>\t\t<div class=\"elementor-toggle\" role=\"tablist\">\n\t\t\t\t\t\t\t<div class=\"elementor-toggle-item\">\n\t\t\t\t\t<div id=\"elementor-tab-title-1261\" class=\"elementor-tab-title\" data-tab=\"1\" role=\"tab\" aria-controls=\"elementor-tab-content-1261\" aria-expanded=\"false\">\n\t\t\t\t\t\t\t\t\t\t\t\t<span class=\"elementor-toggle-icon elementor-toggle-icon-left\" aria-hidden=\"true\">\n\t\t\t\t\t\t\t\t\t\t\t\t\t\t\t<span class=\"elementor-toggle-icon-closed\"><i class=\"fas fa-caret-right\"><\/i><\/span>\n\t\t\t\t\t\t\t\t<span class=\"elementor-toggle-icon-opened\"><i class=\"elementor-toggle-icon-opened fas fa-caret-up\"><\/i><\/span>\n\t\t\t\t\t\t\t\t\t\t\t\t\t<\/span>\n\t\t\t\t\t\t\t\t\t\t\t\t<a href=\"\" class=\"elementor-toggle-title\">Detailed description<\/a>\n\t\t\t\t\t<\/div>\n\n\t\t\t\t\t<div id=\"elementor-tab-content-1261\" class=\"elementor-tab-content elementor-clearfix\" data-tab=\"1\" role=\"tabpanel\" aria-labelledby=\"elementor-tab-title-1261\"><ul>\n<li>8233 moto hours.<\/li>\n<li>Chassis type &#8211; 2-axle, hitched to the rear of the truck.<\/li>\n<li>The shredder is registered as a trailer.<\/li>\n<li>Total mass &#8211; 19 000 kg.<\/li>\n<li>Diesel engine Mercedes Benz \/ 6 cylinders, maximum power 315 kW \/ 422 hp.<\/li>\n<li>Number of hammers on the crushing drum &#8211; 36 pcs.<\/li>\n<li>Mesh &#8211; optional &#8211; 60\u00d760, 100\u00d7100, 250\u00d7250 mm.<\/li>\n<li>A special hydraulic rotor mounted on the chassis, which is used to move the machine around the site.<\/li>\n<li>Raising\/lowering the rear conveyor.<\/li>\n<li>Remote control for use from a front loader.<\/li>\n<li>Separate actuators for the floor and the feed &#8220;hedgehog&#8221;<\/li>\n<\/ul>\n<\/div>\n\t\t\t\t<\/div>\n\t\t\t\t\t\t\t\t<\/div>\n\t\t\t\t<\/div>\n\t\t\t\t<\/div>\n\t\t\t\t<div class=\"elementor-element elementor-element-e9b3d8d elementor-widget elementor-widget-html\" data-id=\"e9b3d8d\" data-element_type=\"widget\" data-widget_type=\"html.default\">\n\t\t\t\t<div class=\"elementor-widget-container\">\n\t\t\t<script>jQuery(document).ready(function($) {\nvar delay = 100; setTimeout(function() {\n$('.elementor-tab-title').removeClass('elementor-active');\n $('.elementor-tab-content').css('display', 'none'); }, delay);\n});\n<\/script>\t\t<\/div>\n\t\t\t\t<\/div>\n\t\t\t\t\t<\/div>\n\t\t\t\t<\/div>\n\t\t\t\t<div class=\"elementor-column elementor-col-50 elementor-inner-column elementor-element elementor-element-4709d94\" data-id=\"4709d94\" data-element_type=\"column\">\n\t\t\t\t\t<div class=\"elementor-widget-wrap elementor-element-populated\">\n\t\t\t\t\t\t\t\t<div class=\"elementor-element elementor-element-d66c905 elementor-widget elementor-widget-image\" data-id=\"d66c905\" data-element_type=\"widget\" data-widget_type=\"image.default\">\n\t\t\t\t<div class=\"elementor-widget-container\">\n\t\t\t<style>\/*! elementor - v3.9.2 - 21-12-2022 *\/\n.elementor-widget-image{text-align:center}.elementor-widget-image a{display:inline-block}.elementor-widget-image a img[src$=\".svg\"]{width:48px}.elementor-widget-image img{vertical-align:middle;display:inline-block}<\/style>\t\t\t\t\t\t\t\t\t\t\t\t<img decoding=\"async\" width=\"1024\" height=\"769\" src=\"https:\/\/smulkinu.lt\/wp-content\/uploads\/2022\/12\/46FCABAB-25AF-4308-99EE-5C9E91CB43FF_1_105_c.jpeg\" class=\"attachment-large size-large wp-image-4752\" alt=\"\" srcset=\"https:\/\/smulkinu.lt\/wp-content\/uploads\/2022\/12\/46FCABAB-25AF-4308-99EE-5C9E91CB43FF_1_105_c.jpeg 1024w, https:\/\/smulkinu.lt\/wp-content\/uploads\/2022\/12\/46FCABAB-25AF-4308-99EE-5C9E91CB43FF_1_105_c-768x577.jpeg 768w, https:\/\/smulkinu.lt\/wp-content\/uploads\/2022\/12\/46FCABAB-25AF-4308-99EE-5C9E91CB43FF_1_105_c-463x348.jpeg 463w, https:\/\/smulkinu.lt\/wp-content\/uploads\/2022\/12\/46FCABAB-25AF-4308-99EE-5C9E91CB43FF_1_105_c-640x480.jpeg 640w, https:\/\/smulkinu.lt\/wp-content\/uploads\/2022\/12\/46FCABAB-25AF-4308-99EE-5C9E91CB43FF_1_105_c-400x300.jpeg 400w, https:\/\/smulkinu.lt\/wp-content\/uploads\/2022\/12\/46FCABAB-25AF-4308-99EE-5C9E91CB43FF_1_105_c-367x276.jpeg 367w\" sizes=\"(max-width: 1024px) 100vw, 1024px\" \/>\t\t\t\t\t\t\t\t\t\t\t\t\t\t\t<\/div>\n\t\t\t\t<\/div>\n\t\t\t\t\t<\/div>\n\t\t\t\t<\/div>\n\t\t\t\t\t<\/div>\n\t\t\t\t<\/section>\n\t\t\t\t\t<\/div>\n\t\t\t\t<\/div>\n\t\t\t\t\t<\/div>\n\t\t\t\t<\/section>\n\t\t\t\t<section class=\"elementor-section elementor-top-section elementor-element elementor-element-2dfca8a elementor-section-boxed elementor-section-height-default elementor-section-height-default\" data-id=\"2dfca8a\" data-element_type=\"section\">\n\t\t\n\t\t\t\t\t\t\t<div class=\"elementor-container elementor-column-gap-default\">\n\t\t\t\t\t\t\t\t\t\t\t<div class=\"elementor-column elementor-col-100 elementor-top-column elementor-element elementor-element-e13df60\" data-id=\"e13df60\" data-element_type=\"column\">\n\t\t\t\t\t<div class=\"elementor-widget-wrap elementor-element-populated\">\n\t\t\t\t\t\t\t\t<div class=\"elementor-element elementor-element-166640a mb-4 elementor-widget elementor-widget-heading\" data-id=\"166640a\" data-element_type=\"widget\" data-settings=\"{&quot;_animation&quot;:&quot;none&quot;,&quot;_animation_delay&quot;:250}\" data-widget_type=\"heading.default\">\n\t\t\t\t<div class=\"elementor-widget-container\">\n\t\t\t<h3 class=\"elementor-heading-title elementor-size-default\">Gallery<\/h3>\t\t<\/div>\n\t\t\t\t<\/div>\n\t\t\t\t<div class=\"elementor-element elementor-element-10063ea elementor-arrows-position-inside elementor-pagination-position-outside elementor-widget elementor-widget-image-carousel\" data-id=\"10063ea\" data-element_type=\"widget\" data-settings=\"{&quot;slides_to_show&quot;:&quot;5&quot;,&quot;slides_to_show_mobile&quot;:&quot;2&quot;,&quot;image_spacing_custom&quot;:{&quot;unit&quot;:&quot;px&quot;,&quot;size&quot;:7,&quot;sizes&quot;:[]},&quot;navigation&quot;:&quot;both&quot;,&quot;autoplay&quot;:&quot;yes&quot;,&quot;pause_on_hover&quot;:&quot;yes&quot;,&quot;pause_on_interaction&quot;:&quot;yes&quot;,&quot;autoplay_speed&quot;:5000,&quot;infinite&quot;:&quot;yes&quot;,&quot;speed&quot;:500}\" data-widget_type=\"image-carousel.default\">\n\t\t\t\t<div class=\"elementor-widget-container\">\n\t\t\t<style>\/*! elementor - v3.9.2 - 21-12-2022 *\/\n.elementor-widget-image-carousel .swiper-container{position:static}.elementor-widget-image-carousel .swiper-container .swiper-slide figure{line-height:inherit}.elementor-widget-image-carousel .swiper-slide{text-align:center}.elementor-image-carousel-wrapper:not(.swiper-container-initialized) .swiper-slide{max-width:calc(100% \/ var(--e-image-carousel-slides-to-show, 3))}<\/style>\t\t<div class=\"elementor-image-carousel-wrapper swiper-container\" dir=\"ltr\">\n\t\t\t<div class=\"elementor-image-carousel swiper-wrapper\">\n\t\t\t\t\t\t\t\t<div class=\"swiper-slide\"><a data-elementor-open-lightbox=\"yes\" data-elementor-lightbox-slideshow=\"10063ea\" data-elementor-lightbox-title=\"46FCABAB-25AF-4308-99EE-5C9E91CB43FF_1_105_c\" e-action-hash=\"#elementor-action%3Aaction%3Dlightbox%26settings%3DeyJpZCI6NDc1MiwidXJsIjoiaHR0cHM6XC9cL3NtdWxraW51Lmx0XC93cC1jb250ZW50XC91cGxvYWRzXC8yMDIyXC8xMlwvNDZGQ0FCQUItMjVBRi00MzA4LTk5RUUtNUM5RTkxQ0I0M0ZGXzFfMTA1X2MuanBlZyIsInNsaWRlc2hvdyI6IjEwMDYzZWEifQ%3D%3D\" href=\"https:\/\/smulkinu.lt\/wp-content\/uploads\/2022\/12\/46FCABAB-25AF-4308-99EE-5C9E91CB43FF_1_105_c.jpeg\"><figure class=\"swiper-slide-inner\"><img decoding=\"async\" class=\"swiper-slide-image\" src=\"https:\/\/smulkinu.lt\/wp-content\/uploads\/2022\/12\/46FCABAB-25AF-4308-99EE-5C9E91CB43FF_1_105_c-200x150.jpeg\" alt=\"46FCABAB-25AF-4308-99EE-5C9E91CB43FF_1_105_c\" \/><\/figure><\/a><\/div><div class=\"swiper-slide\"><a data-elementor-open-lightbox=\"yes\" data-elementor-lightbox-slideshow=\"10063ea\" data-elementor-lightbox-title=\"C8E9B5DA-7278-42EA-9D02-15A742845C6A\" e-action-hash=\"#elementor-action%3Aaction%3Dlightbox%26settings%3DeyJpZCI6NDg0MSwidXJsIjoiaHR0cHM6XC9cL3NtdWxraW51Lmx0XC93cC1jb250ZW50XC91cGxvYWRzXC8yMDIyXC8xMlwvQzhFOUI1REEtNzI3OC00MkVBLTlEMDItMTVBNzQyODQ1QzZBLmpwZWciLCJzbGlkZXNob3ciOiIxMDA2M2VhIn0%3D\" href=\"https:\/\/smulkinu.lt\/wp-content\/uploads\/2022\/12\/C8E9B5DA-7278-42EA-9D02-15A742845C6A.jpeg\"><figure class=\"swiper-slide-inner\"><img decoding=\"async\" class=\"swiper-slide-image\" src=\"https:\/\/smulkinu.lt\/wp-content\/uploads\/2022\/12\/C8E9B5DA-7278-42EA-9D02-15A742845C6A-200x150.jpeg\" alt=\"C8E9B5DA-7278-42EA-9D02-15A742845C6A\" \/><\/figure><\/a><\/div>\t\t\t<\/div>\n\t\t\t\t\t\t\t\t\t\t\t\t<div class=\"swiper-pagination\"><\/div>\n\t\t\t\t\t\t\t\t\t\t\t\t\t<div class=\"elementor-swiper-button elementor-swiper-button-prev\">\n\t\t\t\t\t\t<i aria-hidden=\"true\" class=\"eicon-chevron-left\"><\/i>\t\t\t\t\t\t<span class=\"elementor-screen-only\">Previous<\/span>\n\t\t\t\t\t<\/div>\n\t\t\t\t\t<div class=\"elementor-swiper-button elementor-swiper-button-next\">\n\t\t\t\t\t\t<i aria-hidden=\"true\" class=\"eicon-chevron-right\"><\/i>\t\t\t\t\t\t<span class=\"elementor-screen-only\">Next<\/span>\n\t\t\t\t\t<\/div>\n\t\t\t\t\t\t\t\t\t<\/div>\n\t\t\t\t<\/div>\n\t\t\t\t<\/div>\n\t\t\t\t\t<\/div>\n\t\t\t\t<\/div>\n\t\t\t\t\t<\/div>\n\t\t\t\t<\/section>\n\t\t\t\t<section class=\"elementor-section elementor-top-section elementor-element elementor-element-e094c38 elementor-hidden-desktop elementor-hidden-tablet elementor-hidden-mobile elementor-section-boxed elementor-section-height-default elementor-section-height-default\" data-id=\"e094c38\" data-element_type=\"section\" data-settings=\"{&quot;background_background&quot;:&quot;classic&quot;}\">\n\t\t\n\t\t\t\t\t\t\t<div class=\"elementor-container elementor-column-gap-default\">\n\t\t\t\t\t\t\t\t\t\t\t<div class=\"elementor-column elementor-col-100 elementor-top-column elementor-element elementor-element-3526afc\" data-id=\"3526afc\" data-element_type=\"column\">\n\t\t\t\t\t<div class=\"elementor-widget-wrap elementor-element-populated\">\n\t\t\t\t\t\t\t\t<div class=\"elementor-element elementor-element-9d17389 custom-highlight-1 custom-weight-1 mb-2 elementor-widget elementor-widget-heading\" data-id=\"9d17389\" data-element_type=\"widget\" data-settings=\"{&quot;_animation&quot;:&quot;none&quot;,&quot;_animation_delay&quot;:100}\" data-widget_type=\"heading.default\">\n\t\t\t\t<div class=\"elementor-widget-container\">\n\t\t\t<h4 class=\"elementor-heading-title elementor-size-default\">USED PARTS<\/h4>\t\t<\/div>\n\t\t\t\t<\/div>\n\t\t\t\t<div class=\"elementor-element elementor-element-d50250f mb-4 elementor-widget elementor-widget-heading\" data-id=\"d50250f\" data-element_type=\"widget\" data-settings=\"{&quot;_animation&quot;:&quot;none&quot;,&quot;_animation_delay&quot;:250}\" data-widget_type=\"heading.default\">\n\t\t\t\t<div class=\"elementor-widget-container\">\n\t\t\t<h3 class=\"elementor-heading-title elementor-size-default\"><a href=\"https:\/\/smulkinu.lt\/?page_id=4818\">Used shredder parts for sale<\/a><\/h3>\t\t<\/div>\n\t\t\t\t<\/div>\n\t\t\t\t<div class=\"elementor-element elementor-element-12d50f1 elementor-align-center elementor-widget elementor-widget-button\" data-id=\"12d50f1\" data-element_type=\"widget\" data-widget_type=\"button.default\">\n\t\t\t\t<div class=\"elementor-widget-container\">\n\t\t\t\t\t<div class=\"elementor-button-wrapper\">\n\t\t\t<a href=\"https:\/\/smulkinu.lt\/?page_id=4818\" class=\"elementor-button-link elementor-button elementor-size-sm elementor-animation-shrink\" role=\"button\">\n\t\t\t\t\t\t<span class=\"elementor-button-content-wrapper\">\n\t\t\t\t\t\t<span class=\"elementor-button-text\">See full list<\/span>\n\t\t<\/span>\n\t\t\t\t\t<\/a>\n\t\t<\/div>\n\t\t\t\t<\/div>\n\t\t\t\t<\/div>\n\t\t\t\t\t<\/div>\n\t\t\t\t<\/div>\n\t\t\t\t\t<\/div>\n\t\t\t\t<\/section>\n\t\t\t\t\t\t\t<\/div>\n\t\t","protected":false},"excerpt":{"rendered":"<p>Doppstadt AK565 Profi Year of manufacture &#8211; 2012. Rear discharge conveyor length 6.0 m. Magnetic roller for metal separation mounted on top of the discharge conveyor. Enquire about price Detailed description 8233 moto hours. Chassis type &#8211; 2-axle, hitched to the rear of the truck. The shredder is registered as a trailer. Total mass &#8211; [&hellip;]<\/p>\n","protected":false},"author":1,"featured_media":0,"parent":6132,"menu_order":0,"comment_status":"closed","ping_status":"closed","template":"","meta":{"content-type":""},"acf":[],"yoast_head":"<!-- This site is optimized with the Yoast SEO plugin v20.3 - https:\/\/yoast.com\/wordpress\/plugins\/seo\/ -->\n<title>Doppstadt AK435 Profi - Smulkinu.lt<\/title>\n<meta name=\"robots\" content=\"index, follow, max-snippet:-1, max-image-preview:large, max-video-preview:-1\" \/>\n<link rel=\"canonical\" href=\"https:\/\/smulkinu.lt\/en\/shredding-equipment-for-sale\/doppstadt-ak435-profi\/\" \/>\n<meta property=\"og:locale\" content=\"en_US\" \/>\n<meta property=\"og:type\" content=\"article\" \/>\n<meta property=\"og:title\" content=\"Doppstadt AK435 Profi - Smulkinu.lt\" \/>\n<meta property=\"og:description\" content=\"Doppstadt AK565 Profi Year of manufacture &#8211; 2012. Rear discharge conveyor length 6.0 m. Magnetic roller for metal separation mounted on top of the discharge conveyor. Enquire about price Detailed description 8233 moto hours. Chassis type &#8211; 2-axle, hitched to the rear of the truck. The shredder is registered as a trailer. Total mass &#8211; [&hellip;]\" \/>\n<meta property=\"og:url\" content=\"https:\/\/smulkinu.lt\/en\/shredding-equipment-for-sale\/doppstadt-ak435-profi\/\" \/>\n<meta property=\"og:site_name\" content=\"Smulkinu.lt\" \/>\n<meta property=\"article:modified_time\" content=\"2024-04-15T20:44:59+00:00\" \/>\n<meta property=\"og:image\" content=\"https:\/\/smulkinu.lt\/wp-content\/uploads\/2022\/12\/46FCABAB-25AF-4308-99EE-5C9E91CB43FF_1_105_c.jpeg\" \/>\n<meta name=\"twitter:card\" content=\"summary_large_image\" \/>\n<meta name=\"twitter:label1\" content=\"Est. reading time\" \/>\n\t<meta name=\"twitter:data1\" content=\"1 minute\" \/>\n<script type=\"application\/ld+json\" class=\"yoast-schema-graph\">{\"@context\":\"https:\/\/schema.org\",\"@graph\":[{\"@type\":\"WebPage\",\"@id\":\"https:\/\/smulkinu.lt\/en\/shredding-equipment-for-sale\/doppstadt-ak435-profi\/\",\"url\":\"https:\/\/smulkinu.lt\/en\/shredding-equipment-for-sale\/doppstadt-ak435-profi\/\",\"name\":\"Doppstadt AK435 Profi - Smulkinu.lt\",\"isPartOf\":{\"@id\":\"https:\/\/smulkinu.lt\/#website\"},\"datePublished\":\"2022-12-29T08:53:24+00:00\",\"dateModified\":\"2024-04-15T20:44:59+00:00\",\"breadcrumb\":{\"@id\":\"https:\/\/smulkinu.lt\/en\/shredding-equipment-for-sale\/doppstadt-ak435-profi\/#breadcrumb\"},\"inLanguage\":\"en-US\",\"potentialAction\":[{\"@type\":\"ReadAction\",\"target\":[\"https:\/\/smulkinu.lt\/en\/shredding-equipment-for-sale\/doppstadt-ak435-profi\/\"]}]},{\"@type\":\"BreadcrumbList\",\"@id\":\"https:\/\/smulkinu.lt\/en\/shredding-equipment-for-sale\/doppstadt-ak435-profi\/#breadcrumb\",\"itemListElement\":[{\"@type\":\"ListItem\",\"position\":1,\"name\":\"Home\",\"item\":\"https:\/\/smulkinu.lt\/en\/\"},{\"@type\":\"ListItem\",\"position\":2,\"name\":\"Shredding equipment for sale\",\"item\":\"https:\/\/smulkinu.lt\/en\/shredding-equipment-for-sale\/\"},{\"@type\":\"ListItem\",\"position\":3,\"name\":\"Doppstadt AK435 Profi\"}]},{\"@type\":\"WebSite\",\"@id\":\"https:\/\/smulkinu.lt\/#website\",\"url\":\"https:\/\/smulkinu.lt\/\",\"name\":\"Smulkinu.lt\",\"description\":\"Medienos ir plastiko atliek\u0173 smulkinimas\",\"publisher\":{\"@id\":\"https:\/\/smulkinu.lt\/#organization\"},\"potentialAction\":[{\"@type\":\"SearchAction\",\"target\":{\"@type\":\"EntryPoint\",\"urlTemplate\":\"https:\/\/smulkinu.lt\/?s={search_term_string}\"},\"query-input\":\"required name=search_term_string\"}],\"inLanguage\":\"en-US\"},{\"@type\":\"Organization\",\"@id\":\"https:\/\/smulkinu.lt\/#organization\",\"name\":\"Smulkinu.lt\",\"alternateName\":\"Medienos ir kit\u0173 atliek\u0173 smulkinimas\",\"url\":\"https:\/\/smulkinu.lt\/\",\"logo\":{\"@type\":\"ImageObject\",\"inLanguage\":\"en-US\",\"@id\":\"https:\/\/smulkinu.lt\/#\/schema\/logo\/image\/\",\"url\":\"https:\/\/smulkinu.lt\/wp-content\/uploads\/2022\/12\/favicon-smulkinu.lt_.jpg\",\"contentUrl\":\"https:\/\/smulkinu.lt\/wp-content\/uploads\/2022\/12\/favicon-smulkinu.lt_.jpg\",\"width\":600,\"height\":600,\"caption\":\"Smulkinu.lt\"},\"image\":{\"@id\":\"https:\/\/smulkinu.lt\/#\/schema\/logo\/image\/\"}}]}<\/script>\n<!-- \/ Yoast SEO plugin. -->","yoast_head_json":{"title":"Doppstadt AK435 Profi - Smulkinu.lt","robots":{"index":"index","follow":"follow","max-snippet":"max-snippet:-1","max-image-preview":"max-image-preview:large","max-video-preview":"max-video-preview:-1"},"canonical":"https:\/\/smulkinu.lt\/en\/shredding-equipment-for-sale\/doppstadt-ak435-profi\/","og_locale":"en_US","og_type":"article","og_title":"Doppstadt AK435 Profi - Smulkinu.lt","og_description":"Doppstadt AK565 Profi Year of manufacture &#8211; 2012. Rear discharge conveyor length 6.0 m. Magnetic roller for metal separation mounted on top of the discharge conveyor. Enquire about price Detailed description 8233 moto hours. Chassis type &#8211; 2-axle, hitched to the rear of the truck. The shredder is registered as a trailer. Total mass &#8211; [&hellip;]","og_url":"https:\/\/smulkinu.lt\/en\/shredding-equipment-for-sale\/doppstadt-ak435-profi\/","og_site_name":"Smulkinu.lt","article_modified_time":"2024-04-15T20:44:59+00:00","og_image":[{"url":"https:\/\/smulkinu.lt\/wp-content\/uploads\/2022\/12\/46FCABAB-25AF-4308-99EE-5C9E91CB43FF_1_105_c.jpeg"}],"twitter_card":"summary_large_image","twitter_misc":{"Est. reading time":"1 minute"},"schema":{"@context":"https:\/\/schema.org","@graph":[{"@type":"WebPage","@id":"https:\/\/smulkinu.lt\/en\/shredding-equipment-for-sale\/doppstadt-ak435-profi\/","url":"https:\/\/smulkinu.lt\/en\/shredding-equipment-for-sale\/doppstadt-ak435-profi\/","name":"Doppstadt AK435 Profi - Smulkinu.lt","isPartOf":{"@id":"https:\/\/smulkinu.lt\/#website"},"datePublished":"2022-12-29T08:53:24+00:00","dateModified":"2024-04-15T20:44:59+00:00","breadcrumb":{"@id":"https:\/\/smulkinu.lt\/en\/shredding-equipment-for-sale\/doppstadt-ak435-profi\/#breadcrumb"},"inLanguage":"en-US","potentialAction":[{"@type":"ReadAction","target":["https:\/\/smulkinu.lt\/en\/shredding-equipment-for-sale\/doppstadt-ak435-profi\/"]}]},{"@type":"BreadcrumbList","@id":"https:\/\/smulkinu.lt\/en\/shredding-equipment-for-sale\/doppstadt-ak435-profi\/#breadcrumb","itemListElement":[{"@type":"ListItem","position":1,"name":"Home","item":"https:\/\/smulkinu.lt\/en\/"},{"@type":"ListItem","position":2,"name":"Shredding equipment for sale","item":"https:\/\/smulkinu.lt\/en\/shredding-equipment-for-sale\/"},{"@type":"ListItem","position":3,"name":"Doppstadt AK435 Profi"}]},{"@type":"WebSite","@id":"https:\/\/smulkinu.lt\/#website","url":"https:\/\/smulkinu.lt\/","name":"Smulkinu.lt","description":"Medienos ir plastiko atliek\u0173 smulkinimas","publisher":{"@id":"https:\/\/smulkinu.lt\/#organization"},"potentialAction":[{"@type":"SearchAction","target":{"@type":"EntryPoint","urlTemplate":"https:\/\/smulkinu.lt\/?s={search_term_string}"},"query-input":"required name=search_term_string"}],"inLanguage":"en-US"},{"@type":"Organization","@id":"https:\/\/smulkinu.lt\/#organization","name":"Smulkinu.lt","alternateName":"Medienos ir kit\u0173 atliek\u0173 smulkinimas","url":"https:\/\/smulkinu.lt\/","logo":{"@type":"ImageObject","inLanguage":"en-US","@id":"https:\/\/smulkinu.lt\/#\/schema\/logo\/image\/","url":"https:\/\/smulkinu.lt\/wp-content\/uploads\/2022\/12\/favicon-smulkinu.lt_.jpg","contentUrl":"https:\/\/smulkinu.lt\/wp-content\/uploads\/2022\/12\/favicon-smulkinu.lt_.jpg","width":600,"height":600,"caption":"Smulkinu.lt"},"image":{"@id":"https:\/\/smulkinu.lt\/#\/schema\/logo\/image\/"}}]}},"_links":{"self":[{"href":"https:\/\/smulkinu.lt\/en\/wp-json\/wp\/v2\/pages\/6120"}],"collection":[{"href":"https:\/\/smulkinu.lt\/en\/wp-json\/wp\/v2\/pages"}],"about":[{"href":"https:\/\/smulkinu.lt\/en\/wp-json\/wp\/v2\/types\/page"}],"author":[{"embeddable":true,"href":"https:\/\/smulkinu.lt\/en\/wp-json\/wp\/v2\/users\/1"}],"replies":[{"embeddable":true,"href":"https:\/\/smulkinu.lt\/en\/wp-json\/wp\/v2\/comments?post=6120"}],"version-history":[{"count":4,"href":"https:\/\/smulkinu.lt\/en\/wp-json\/wp\/v2\/pages\/6120\/revisions"}],"predecessor-version":[{"id":6239,"href":"https:\/\/smulkinu.lt\/en\/wp-json\/wp\/v2\/pages\/6120\/revisions\/6239"}],"up":[{"embeddable":true,"href":"https:\/\/smulkinu.lt\/en\/wp-json\/wp\/v2\/pages\/6132"}],"wp:attachment":[{"href":"https:\/\/smulkinu.lt\/en\/wp-json\/wp\/v2\/media?parent=6120"}],"curies":[{"name":"wp","href":"https:\/\/api.w.org\/{rel}","templated":true}]}}